{"id":8222,"date":"2024-12-11T22:03:57","date_gmt":"2024-12-11T22:03:57","guid":{"rendered":"https:\/\/cremx.org\/MX\/?page_id=8222"},"modified":"2025-11-05T02:58:20","modified_gmt":"2025-11-05T02:58:20","slug":"donar","status":"publish","type":"page","link":"https:\/\/cremx.org\/index.php\/donar\/","title":{"rendered":"Donar"},"content":{"rendered":"\t\t<div data-elementor-type=\"wp-post\" data-elementor-id=\"8222\" class=\"elementor elementor-8222\">\n\t\t\t\t\t\t<section class=\"elementor-section elementor-top-section elementor-element elementor-element-5a79e21 elementor-section-boxed elementor-section-height-default elementor-section-height-default\" data-id=\"5a79e21\" data-element_type=\"section\">\n\t\t\t\t\t\t<div class=\"elementor-container elementor-column-gap-default\">\n\t\t\t\t\t<div class=\"elementor-column elementor-col-100 elementor-top-column elementor-element elementor-element-671c330\" data-id=\"671c330\" data-element_type=\"column\">\n\t\t\t<div class=\"elementor-widget-wrap\">\n\t\t\t\t\t\t\t<\/div>\n\t\t<\/div>\n\t\t\t\t\t<\/div>\n\t\t<\/section>\n\t\t\t\t<section class=\"elementor-section elementor-top-section elementor-element elementor-element-4409e93 elementor-section-boxed elementor-section-height-default elementor-section-height-default\" data-id=\"4409e93\" data-element_type=\"section\">\n\t\t\t\t\t\t<div class=\"elementor-container elementor-column-gap-default\">\n\t\t\t\t\t<div class=\"elementor-column elementor-col-100 elementor-top-column elementor-element elementor-element-1ddea2d\" data-id=\"1ddea2d\" data-element_type=\"column\">\n\t\t\t<div class=\"elementor-widget-wrap elementor-element-populated\">\n\t\t\t\t\t\t<div class=\"elementor-element elementor-element-1ba0808 elementor-widget elementor-widget-image\" data-id=\"1ba0808\" data-element_type=\"widget\" data-widget_type=\"image.default\">\n\t\t\t\t<div class=\"elementor-widget-container\">\n\t\t\t\t\t\t\t\t\t\t\t\t\t<img fetchpriority=\"high\" decoding=\"async\" width=\"1740\" height=\"293\" src=\"https:\/\/cremx.org\/wp-content\/uploads\/2024\/12\/TIT-DONAR.jpg\" class=\"attachment-full size-full wp-image-8224\" alt=\"\" \/>\t\t\t\t\t\t\t\t\t\t\t\t\t<\/div>\n\t\t\t\t<\/div>\n\t\t\t\t\t<\/div>\n\t\t<\/div>\n\t\t\t\t\t<\/div>\n\t\t<\/section>\n\t\t\t\t<section class=\"elementor-section elementor-top-section elementor-element elementor-element-4e9d213 elementor-section-boxed elementor-section-height-default elementor-section-height-default\" data-id=\"4e9d213\" data-element_type=\"section\">\n\t\t\t\t\t\t<div class=\"elementor-container elementor-column-gap-default\">\n\t\t\t\t\t<div class=\"elementor-column elementor-col-100 elementor-top-column elementor-element elementor-element-71748de\" data-id=\"71748de\" data-element_type=\"column\">\n\t\t\t<div class=\"elementor-widget-wrap elementor-element-populated\">\n\t\t\t\t\t\t<div class=\"elementor-element elementor-element-a4cfbec elementor-widget elementor-widget-text-editor\" data-id=\"a4cfbec\" data-element_type=\"widget\" data-widget_type=\"text-editor.default\">\n\t\t\t\t<div class=\"elementor-widget-container\">\n\t\t\t\t\t\t\t<p style=\"text-align: center;\"><span style=\"color: #000000;\">Todos los logros de CREmx no ser\u00edan posibles sin el apoyo de empresas, fundaciones y corporativos que han sido nuestros donantes.<\/span><\/p>\t\t\t\t\t\t<\/div>\n\t\t\t\t<\/div>\n\t\t\t\t\t<\/div>\n\t\t<\/div>\n\t\t\t\t\t<\/div>\n\t\t<\/section>\n\t\t\t\t<section class=\"elementor-section elementor-top-section elementor-element elementor-element-49ebd97 elementor-section-boxed elementor-section-height-default elementor-section-height-default\" data-id=\"49ebd97\" data-element_type=\"section\">\n\t\t\t\t\t\t<div class=\"elementor-container elementor-column-gap-default\">\n\t\t\t\t\t<div class=\"elementor-column elementor-col-50 elementor-top-column elementor-element elementor-element-7b66141\" data-id=\"7b66141\" data-element_type=\"column\">\n\t\t\t<div class=\"elementor-widget-wrap elementor-element-populated\">\n\t\t\t\t\t\t<div class=\"elementor-element elementor-element-7bbe0e9 elementor-position-top elementor-widget elementor-widget-image-box\" data-id=\"7bbe0e9\" data-element_type=\"widget\" data-widget_type=\"image-box.default\">\n\t\t\t\t<div class=\"elementor-widget-container\">\n\t\t\t<div class=\"elementor-image-box-wrapper\"><figure class=\"elementor-image-box-img\"><a href=\"https:\/\/cremx.org\/index.php\/forma-para-donar\/\" tabindex=\"-1\"><img decoding=\"async\" width=\"750\" height=\"510\" src=\"https:\/\/cremx.org\/wp-content\/uploads\/2024\/12\/DONANTE-EMPRESARIAL-750x510.jpg\" class=\"attachment-medium size-medium wp-image-8303\" alt=\"\" \/><\/a><\/figure><div class=\"elementor-image-box-content\"><h3 class=\"elementor-image-box-title\"><a href=\"https:\/\/cremx.org\/index.php\/forma-para-donar\/\">Donaciones Corporativas y Alianzas Estrat\u00e9gicas<\/a><\/h3><\/div><\/div>\t\t<\/div>\n\t\t\t\t<\/div>\n\t\t\t\t\t<\/div>\n\t\t<\/div>\n\t\t\t\t<div class=\"elementor-column elementor-col-50 elementor-top-column elementor-element elementor-element-35cdb5d\" data-id=\"35cdb5d\" data-element_type=\"column\">\n\t\t\t<div class=\"elementor-widget-wrap elementor-element-populated\">\n\t\t\t\t\t\t<div class=\"elementor-element elementor-element-fadfe12 elementor-position-top elementor-widget elementor-widget-image-box\" data-id=\"fadfe12\" data-element_type=\"widget\" data-widget_type=\"image-box.default\">\n\t\t\t\t<div class=\"elementor-widget-container\">\n\t\t\t<div class=\"elementor-image-box-wrapper\"><figure class=\"elementor-image-box-img\"><a href=\"https:\/\/cremx.org\/index.php\/forma-para-donar\/\" tabindex=\"-1\"><img decoding=\"async\" width=\"750\" height=\"510\" src=\"https:\/\/cremx.org\/wp-content\/uploads\/2024\/12\/DONANTE-PUBLICO-750x510.jpg\" class=\"attachment-medium size-medium wp-image-8301\" alt=\"\" \/><\/a><\/figure><div class=\"elementor-image-box-content\"><h3 class=\"elementor-image-box-title\"><a href=\"https:\/\/cremx.org\/index.php\/forma-para-donar\/\">Donaciones individuales<\/a><\/h3><\/div><\/div>\t\t<\/div>\n\t\t\t\t<\/div>\n\t\t\t\t\t<\/div>\n\t\t<\/div>\n\t\t\t\t\t<\/div>\n\t\t<\/section>\n\t\t\t\t<section class=\"elementor-section elementor-top-section elementor-element elementor-element-5fbafbc elementor-section-boxed elementor-section-height-default elementor-section-height-default\" data-id=\"5fbafbc\" data-element_type=\"section\" data-settings=\"{&quot;background_background&quot;:&quot;classic&quot;}\">\n\t\t\t\t\t\t\t<div class=\"elementor-background-overlay\"><\/div>\n\t\t\t\t\t\t\t<div class=\"elementor-container elementor-column-gap-default\">\n\t\t\t\t\t<div class=\"elementor-column elementor-col-100 elementor-top-column elementor-element elementor-element-610b5f7\" data-id=\"610b5f7\" data-element_type=\"column\">\n\t\t\t<div class=\"elementor-widget-wrap elementor-element-populated\">\n\t\t\t\t\t\t<div class=\"elementor-element elementor-element-831e1b7 elementor-widget elementor-widget-gva-heading-block\" data-id=\"831e1b7\" data-element_type=\"widget\" data-widget_type=\"gva-heading-block.default\">\n\t\t\t\t<div class=\"elementor-widget-container\">\n\t\t\t<div class=\"gva-element-gva-heading-block gva-element\">   <div class=\"align-center style-1 widget gsc-heading\">\r\n      <div class=\"content-inner\">\r\n         \r\n                  \r\n                  \r\n                     <h2 class=\"title\">\r\n               <span>Ventajas estrat\u00e9gicas de convertirte en colaborador de CreMx:<\/span>\r\n            <\/h2>\r\n         \r\n          \r\n\r\n         \r\n         \r\n      <\/div>\r\n   <\/div>\r\n   <div class=\"clearfix\"><\/div>\r\n<\/div>\t\t<\/div>\n\t\t\t\t<\/div>\n\t\t\t\t\t<\/div>\n\t\t<\/div>\n\t\t\t\t\t<\/div>\n\t\t<\/section>\n\t\t\t\t<section class=\"elementor-section elementor-top-section elementor-element elementor-element-3f815b4 elementor-section-boxed elementor-section-height-default elementor-section-height-default\" data-id=\"3f815b4\" data-element_type=\"section\">\n\t\t\t\t\t\t\t<div class=\"elementor-background-overlay\"><\/div>\n\t\t\t\t\t\t\t<div class=\"elementor-container elementor-column-gap-default\">\n\t\t\t\t\t<div class=\"elementor-column elementor-col-33 elementor-top-column elementor-element elementor-element-4b03e52\" data-id=\"4b03e52\" data-element_type=\"column\">\n\t\t\t<div class=\"elementor-widget-wrap elementor-element-populated\">\n\t\t\t\t\t\t<div class=\"elementor-element elementor-element-210e94a elementor-position-top elementor-widget elementor-widget-image-box\" data-id=\"210e94a\" data-element_type=\"widget\" data-widget_type=\"image-box.default\">\n\t\t\t\t<div class=\"elementor-widget-container\">\n\t\t\t<div class=\"elementor-image-box-wrapper\"><figure class=\"elementor-image-box-img\"><img loading=\"lazy\" decoding=\"async\" width=\"180\" height=\"180\" src=\"https:\/\/cremx.org\/wp-content\/uploads\/2024\/12\/1-IMA-CORPORATIVA-2-180x180.jpg\" class=\"attachment-thumbnail size-thumbnail wp-image-8315\" alt=\"\" \/><\/figure><div class=\"elementor-image-box-content\"><h3 class=\"elementor-image-box-title\">Imagen corporativa<\/h3><p class=\"elementor-image-box-description\">Asociarse con una organizaci\u00f3n que realiza un trabajo valioso en la comunidad puede mejorar la percepci\u00f3n p\u00fablica de la empresa, mostrando un compromiso con la responsabilidad social y la sostenibilidad.<\/p><\/div><\/div>\t\t<\/div>\n\t\t\t\t<\/div>\n\t\t\t\t\t<\/div>\n\t\t<\/div>\n\t\t\t\t<div class=\"elementor-column elementor-col-33 elementor-top-column elementor-element elementor-element-926a7ff\" data-id=\"926a7ff\" data-element_type=\"column\">\n\t\t\t<div class=\"elementor-widget-wrap elementor-element-populated\">\n\t\t\t\t\t\t<div class=\"elementor-element elementor-element-5bad84a elementor-position-top elementor-widget elementor-widget-image-box\" data-id=\"5bad84a\" data-element_type=\"widget\" data-widget_type=\"image-box.default\">\n\t\t\t\t<div class=\"elementor-widget-container\">\n\t\t\t<div class=\"elementor-image-box-wrapper\"><figure class=\"elementor-image-box-img\"><img loading=\"lazy\" decoding=\"async\" width=\"180\" height=\"180\" src=\"https:\/\/cremx.org\/wp-content\/uploads\/2024\/12\/1-ESG-1-180x180.jpg\" class=\"attachment-thumbnail size-thumbnail wp-image-8386\" alt=\"\" \/><\/figure><div class=\"elementor-image-box-content\"><h3 class=\"elementor-image-box-title\">Alineaci\u00f3n a Criterios ESG: <\/h3><p class=\"elementor-image-box-description\">Asociarse con una organizaci\u00f3n que realiza un trabajo valioso en la comunidad puede mejorar la percepci\u00f3n p\u00fablica de la empresa, mostrando un compromiso con la responsabilidad social y la sostenibilidad.<\/p><\/div><\/div>\t\t<\/div>\n\t\t\t\t<\/div>\n\t\t\t\t\t<\/div>\n\t\t<\/div>\n\t\t\t\t<div class=\"elementor-column elementor-col-33 elementor-top-column elementor-element elementor-element-f9385a2\" data-id=\"f9385a2\" data-element_type=\"column\">\n\t\t\t<div class=\"elementor-widget-wrap elementor-element-populated\">\n\t\t\t\t\t\t<div class=\"elementor-element elementor-element-9c5cf60 elementor-position-top elementor-widget elementor-widget-image-box\" data-id=\"9c5cf60\" data-element_type=\"widget\" data-widget_type=\"image-box.default\">\n\t\t\t\t<div class=\"elementor-widget-container\">\n\t\t\t<div class=\"elementor-image-box-wrapper\"><figure class=\"elementor-image-box-img\"><img loading=\"lazy\" decoding=\"async\" width=\"180\" height=\"180\" src=\"https:\/\/cremx.org\/wp-content\/uploads\/2024\/12\/1-NORMATIVAS-180x180.jpg\" class=\"attachment-thumbnail size-thumbnail wp-image-8387\" alt=\"\" \/><\/figure><div class=\"elementor-image-box-content\"><h3 class=\"elementor-image-box-title\">Cumplimiento de Normativas: <\/h3><p class=\"elementor-image-box-description\">Al participar en actividades de RSC, su empresa tambi\u00e9n asegura el cumplimiento de normativas y expectativas sociales.<\/p><\/div><\/div>\t\t<\/div>\n\t\t\t\t<\/div>\n\t\t\t\t\t<\/div>\n\t\t<\/div>\n\t\t\t\t\t<\/div>\n\t\t<\/section>\n\t\t\t\t<section class=\"elementor-section elementor-top-section elementor-element elementor-element-bf61c94 elementor-section-boxed elementor-section-height-default elementor-section-height-default\" data-id=\"bf61c94\" data-element_type=\"section\">\n\t\t\t\t\t\t<div class=\"elementor-container elementor-column-gap-default\">\n\t\t\t\t\t<div class=\"elementor-column elementor-col-33 elementor-top-column elementor-element elementor-element-e68e38c\" data-id=\"e68e38c\" data-element_type=\"column\">\n\t\t\t<div class=\"elementor-widget-wrap elementor-element-populated\">\n\t\t\t\t\t\t<div class=\"elementor-element elementor-element-e8f4156 elementor-position-top elementor-widget elementor-widget-image-box\" data-id=\"e8f4156\" data-element_type=\"widget\" data-widget_type=\"image-box.default\">\n\t\t\t\t<div class=\"elementor-widget-container\">\n\t\t\t<div class=\"elementor-image-box-wrapper\"><figure class=\"elementor-image-box-img\"><img loading=\"lazy\" decoding=\"async\" width=\"180\" height=\"180\" src=\"https:\/\/cremx.org\/wp-content\/uploads\/2024\/12\/1-ALIANZAS-180x180.jpg\" class=\"attachment-thumbnail size-thumbnail wp-image-8388\" alt=\"\" \/><\/figure><div class=\"elementor-image-box-content\"><h3 class=\"elementor-image-box-title\">Alianzas Estrat\u00e9gicas: <\/h3><p class=\"elementor-image-box-description\">La co-creaci\u00f3n de programas o la participaci\u00f3n en eventos organizados por la asociaci\u00f3n.<\/p><\/div><\/div>\t\t<\/div>\n\t\t\t\t<\/div>\n\t\t\t\t\t<\/div>\n\t\t<\/div>\n\t\t\t\t<div class=\"elementor-column elementor-col-33 elementor-top-column elementor-element elementor-element-87ebf51\" data-id=\"87ebf51\" data-element_type=\"column\">\n\t\t\t<div class=\"elementor-widget-wrap elementor-element-populated\">\n\t\t\t\t\t\t<div class=\"elementor-element elementor-element-fb69092 elementor-position-top elementor-widget elementor-widget-image-box\" data-id=\"fb69092\" data-element_type=\"widget\" data-widget_type=\"image-box.default\">\n\t\t\t\t<div class=\"elementor-widget-container\">\n\t\t\t<div class=\"elementor-image-box-wrapper\"><figure class=\"elementor-image-box-img\"><img loading=\"lazy\" decoding=\"async\" width=\"180\" height=\"180\" src=\"https:\/\/cremx.org\/wp-content\/uploads\/2024\/12\/1-FISACLES-180x180.jpg\" class=\"attachment-thumbnail size-thumbnail wp-image-8389\" alt=\"\" \/><\/figure><div class=\"elementor-image-box-content\"><h3 class=\"elementor-image-box-title\">Deducciones Fiscales:<\/h3><p class=\"elementor-image-box-description\">Las empresas pueden beneficiarse de incentivos fiscales y deducciones por las donaciones y patrocinios realizados a organizaciones sin fines de lucro.<\/p><\/div><\/div>\t\t<\/div>\n\t\t\t\t<\/div>\n\t\t\t\t\t<\/div>\n\t\t<\/div>\n\t\t\t\t<div class=\"elementor-column elementor-col-33 elementor-top-column elementor-element elementor-element-e55ab33\" data-id=\"e55ab33\" data-element_type=\"column\">\n\t\t\t<div class=\"elementor-widget-wrap\">\n\t\t\t\t\t\t\t<\/div>\n\t\t<\/div>\n\t\t\t\t\t<\/div>\n\t\t<\/section>\n\t\t\t\t<section class=\"elementor-section elementor-top-section elementor-element elementor-element-c3eb077 elementor-section-boxed elementor-section-height-default elementor-section-height-default\" data-id=\"c3eb077\" data-element_type=\"section\" data-settings=\"{&quot;background_background&quot;:&quot;classic&quot;}\">\n\t\t\t\t\t\t\t<div class=\"elementor-background-overlay\"><\/div>\n\t\t\t\t\t\t\t<div class=\"elementor-container elementor-column-gap-default\">\n\t\t\t\t\t<div class=\"elementor-column elementor-col-100 elementor-top-column elementor-element elementor-element-844d883\" data-id=\"844d883\" data-element_type=\"column\">\n\t\t\t<div class=\"elementor-widget-wrap elementor-element-populated\">\n\t\t\t\t\t\t<div class=\"elementor-element elementor-element-be2bab1 elementor-widget elementor-widget-gva-heading-block\" data-id=\"be2bab1\" data-element_type=\"widget\" data-widget_type=\"gva-heading-block.default\">\n\t\t\t\t<div class=\"elementor-widget-container\">\n\t\t\t<div class=\"gva-element-gva-heading-block gva-element\">   <div class=\"align-center style-1 widget gsc-heading\">\r\n      <div class=\"content-inner\">\r\n         \r\n                  \r\n                  \r\n                     <h2 class=\"title\">\r\n               <span>Tu empresa puede ser un agente de cambio a trav\u00e9s de tu\u00a0colaboraci\u00f3n<\/span>\r\n            <\/h2>\r\n         \r\n          \r\n\r\n         \r\n         \r\n      <\/div>\r\n   <\/div>\r\n   <div class=\"clearfix\"><\/div>\r\n<\/div>\t\t<\/div>\n\t\t\t\t<\/div>\n\t\t\t\t<div class=\"elementor-element elementor-element-3cd478b elementor-widget elementor-widget-gva-heading-block\" data-id=\"3cd478b\" data-element_type=\"widget\" data-widget_type=\"gva-heading-block.default\">\n\t\t\t\t<div class=\"elementor-widget-container\">\n\t\t\t<div class=\"gva-element-gva-heading-block gva-element\">   <div class=\"align-center style-1 widget gsc-heading\">\r\n      <div class=\"content-inner\">\r\n         \r\n                  \r\n                  \r\n                     <h2 class=\"title\">\r\n               <span>\u00a1PARTICIPA!\n<br>\n<br><\/span>\r\n            <\/h2>\r\n         \r\n          \r\n\r\n         \r\n                     <div class=\"heading-action\">\r\n                       <a href=\"https:\/\/cremx.org\/index.php\/forma-para-donar\/\" class=\"btn-theme btn-cta\">\r\n          Quiero ayudar        <\/a>\r\n\r\n                    <\/div>\r\n         \r\n      <\/div>\r\n   <\/div>\r\n   <div class=\"clearfix\"><\/div>\r\n<\/div>\t\t<\/div>\n\t\t\t\t<\/div>\n\t\t\t\t\t<\/div>\n\t\t<\/div>\n\t\t\t\t\t<\/div>\n\t\t<\/section>\n\t\t\t\t<\/div>\n\t\t","protected":false},"excerpt":{"rendered":"<p>Todos los logros de CREmx no ser\u00edan posibles sin el apoyo de empresas, fundaciones y corporativos que han sido nuestros [&hellip;]<\/p>\n","protected":false},"author":1,"featured_media":0,"parent":0,"menu_order":0,"comment_status":"closed","ping_status":"closed","template":"","meta":{"_joinchat":[],"footnotes":""},"class_list":["post-8222","page","type-page","status-publish","hentry"],"_links":{"self":[{"href":"https:\/\/cremx.org\/index.php\/wp-json\/wp\/v2\/pages\/8222","targetHints":{"allow":["GET"]}}],"collection":[{"href":"https:\/\/cremx.org\/index.php\/wp-json\/wp\/v2\/pages"}],"about":[{"href":"https:\/\/cremx.org\/index.php\/wp-json\/wp\/v2\/types\/page"}],"author":[{"embeddable":true,"href":"https:\/\/cremx.org\/index.php\/wp-json\/wp\/v2\/users\/1"}],"replies":[{"embeddable":true,"href":"https:\/\/cremx.org\/index.php\/wp-json\/wp\/v2\/comments?post=8222"}],"version-history":[{"count":118,"href":"https:\/\/cremx.org\/index.php\/wp-json\/wp\/v2\/pages\/8222\/revisions"}],"predecessor-version":[{"id":8806,"href":"https:\/\/cremx.org\/index.php\/wp-json\/wp\/v2\/pages\/8222\/revisions\/8806"}],"wp:attachment":[{"href":"https:\/\/cremx.org\/index.php\/wp-json\/wp\/v2\/media?parent=8222"}],"curies":[{"name":"wp","href":"https:\/\/api.w.org\/{rel}","templated":true}]}}