{"id":7392,"date":"2024-11-14T16:31:38","date_gmt":"2024-11-14T16:31:38","guid":{"rendered":"https:\/\/cremx.org\/MX\/?page_id=7392"},"modified":"2024-12-20T02:02:10","modified_gmt":"2024-12-20T02:02:10","slug":"impacto-cremx","status":"publish","type":"page","link":"https:\/\/cremx.org\/index.php\/impacto-cremx\/","title":{"rendered":"Impacto Cremx"},"content":{"rendered":"\t\t<div data-elementor-type=\"wp-post\" data-elementor-id=\"7392\" class=\"elementor elementor-7392\">\n\t\t\t\t\t\t<section class=\"elementor-section elementor-top-section elementor-element elementor-element-5a79e21 elementor-section-boxed elementor-section-height-default elementor-section-height-default\" data-id=\"5a79e21\" data-element_type=\"section\">\n\t\t\t\t\t\t<div class=\"elementor-container elementor-column-gap-default\">\n\t\t\t\t\t<div class=\"elementor-column elementor-col-100 elementor-top-column elementor-element elementor-element-671c330\" data-id=\"671c330\" data-element_type=\"column\">\n\t\t\t<div class=\"elementor-widget-wrap\">\n\t\t\t\t\t\t\t<\/div>\n\t\t<\/div>\n\t\t\t\t\t<\/div>\n\t\t<\/section>\n\t\t\t\t<section class=\"elementor-section elementor-top-section elementor-element elementor-element-4409e93 elementor-section-boxed elementor-section-height-default elementor-section-height-default\" data-id=\"4409e93\" data-element_type=\"section\">\n\t\t\t\t\t\t<div class=\"elementor-container elementor-column-gap-default\">\n\t\t\t\t\t<div class=\"elementor-column elementor-col-100 elementor-top-column elementor-element elementor-element-1ddea2d\" data-id=\"1ddea2d\" data-element_type=\"column\">\n\t\t\t<div class=\"elementor-widget-wrap elementor-element-populated\">\n\t\t\t\t\t\t<div class=\"elementor-element elementor-element-1ba0808 elementor-widget elementor-widget-image\" data-id=\"1ba0808\" data-element_type=\"widget\" data-widget_type=\"image.default\">\n\t\t\t\t<div class=\"elementor-widget-container\">\n\t\t\t\t\t\t\t\t\t\t\t\t\t<img fetchpriority=\"high\" decoding=\"async\" width=\"1739\" height=\"285\" src=\"https:\/\/cremx.org\/wp-content\/uploads\/2024\/12\/tit-IMPACTO-CREMX.jpg\" class=\"attachment-full size-full wp-image-8084\" alt=\"\" \/>\t\t\t\t\t\t\t\t\t\t\t\t\t<\/div>\n\t\t\t\t<\/div>\n\t\t\t\t\t<\/div>\n\t\t<\/div>\n\t\t\t\t\t<\/div>\n\t\t<\/section>\n\t\t\t\t<section class=\"elementor-section elementor-top-section elementor-element elementor-element-4e9d213 elementor-section-boxed elementor-section-height-default elementor-section-height-default\" data-id=\"4e9d213\" data-element_type=\"section\">\n\t\t\t\t\t\t<div class=\"elementor-container elementor-column-gap-default\">\n\t\t\t\t\t<div class=\"elementor-column elementor-col-100 elementor-top-column elementor-element elementor-element-6e5afad\" data-id=\"6e5afad\" data-element_type=\"column\">\n\t\t\t<div class=\"elementor-widget-wrap elementor-element-populated\">\n\t\t\t\t\t\t<div class=\"elementor-element elementor-element-29bbe81 elementor-widget elementor-widget-text-editor\" data-id=\"29bbe81\" data-element_type=\"widget\" data-widget_type=\"text-editor.default\">\n\t\t\t\t<div class=\"elementor-widget-container\">\n\t\t\t\t\t\t\t<p><span style=\"color: #000000;\">El coraz\u00f3n de CREmx es su programa \u201cProyecto de Vida\u201d. Inicialmente, este programa se centr\u00f3 en brindar una educaci\u00f3n socioemocional basada en un modelo humanista a ni\u00f1os y ni\u00f1as en situaci\u00f3n de vulnerabilidad. En una \u00e9poca donde el sistema educativo p\u00fablico no incorporaba estos enfoques, CREmx innov\u00f3 al integrar herramientas socioemocionales, ayudando a ni\u00f1as y ni\u00f1os a desarrollarse no solo acad\u00e9micamente, sino tambi\u00e9n con habilidades socioemocionales.<\/span><\/p><p><span style=\"color: #000000;\">Los programas de CREmx se han desarrollado bajo un enfoque sist\u00e9mico. Nuestra metodolog\u00eda sist\u00e9mica ha permitido la replicabilidad y escalabilidad de programa de manera org\u00e1nica facilitando la implementaci\u00f3n del programa LudoCREa en bibliotecas, centros CAM, secundarias, primarias y preescolares p\u00fablicos en Nuevo Le\u00f3n.<\/span><\/p><p><span style=\"color: #000000;\">Hemos incidido en pol\u00edticas p\u00fablicas mediante el desarrollo y pilotaje de los manuales en competencias parentales para el SIPPINA por medio de la Secretar\u00eda de Igualdad e Inclusi\u00f3n en primera infancia.<\/span><\/p><p><span style=\"color: #000000;\"><strong>En el \u00faltimo a\u00f1o el promedio de calificaciones en las escuelas atendidas ha subido de 4 a 10 puntos y han sido las escuelas mejor calificadas de la zona.<\/strong><\/span><\/p>\t\t\t\t\t\t<\/div>\n\t\t\t\t<\/div>\n\t\t\t\t\t<\/div>\n\t\t<\/div>\n\t\t\t\t\t<\/div>\n\t\t<\/section>\n\t\t\t\t<section class=\"elementor-section elementor-top-section elementor-element elementor-element-e405b69 elementor-section-boxed elementor-section-height-default elementor-section-height-default\" data-id=\"e405b69\" data-element_type=\"section\">\n\t\t\t\t\t\t<div class=\"elementor-container elementor-column-gap-default\">\n\t\t\t\t\t<div class=\"elementor-column elementor-col-100 elementor-top-column elementor-element elementor-element-16d4e16\" data-id=\"16d4e16\" data-element_type=\"column\">\n\t\t\t<div class=\"elementor-widget-wrap elementor-element-populated\">\n\t\t\t\t\t\t<div class=\"elementor-element elementor-element-6511310 elementor-widget elementor-widget-gva-heading-block\" data-id=\"6511310\" data-element_type=\"widget\" data-widget_type=\"gva-heading-block.default\">\n\t\t\t\t<div class=\"elementor-widget-container\">\n\t\t\t<div class=\"gva-element-gva-heading-block gva-element\">   <div class=\"align-center style-1 widget gsc-heading\">\r\n      <div class=\"content-inner\">\r\n         \r\n                  \r\n                  \r\n                     <h2 class=\"title\">\r\n               <span>Ejes y Programas de CREMx<\/span>\r\n            <\/h2>\r\n         \r\n          \r\n\r\n         \r\n         \r\n      <\/div>\r\n   <\/div>\r\n   <div class=\"clearfix\"><\/div>\r\n<\/div>\t\t<\/div>\n\t\t\t\t<\/div>\n\t\t\t\t\t<\/div>\n\t\t<\/div>\n\t\t\t\t\t<\/div>\n\t\t<\/section>\n\t\t\t\t<section class=\"elementor-section elementor-top-section elementor-element elementor-element-f4ad733 row-arrow elementor-section-boxed elementor-section-height-default elementor-section-height-default\" data-id=\"f4ad733\" data-element_type=\"section\" data-settings=\"{&quot;background_background&quot;:&quot;classic&quot;}\">\n\t\t\t\t\t\t<div class=\"elementor-container elementor-column-gap-default\">\n\t\t\t\t\t<div class=\"elementor-column elementor-col-100 elementor-top-column elementor-element elementor-element-516dbcc\" data-id=\"516dbcc\" data-element_type=\"column\">\n\t\t\t<div class=\"elementor-widget-wrap elementor-element-populated\">\n\t\t\t\t\t\t<div class=\"elementor-element elementor-element-16ecf96 elementor-widget elementor-widget-gva-heading-block\" data-id=\"16ecf96\" data-element_type=\"widget\" data-widget_type=\"gva-heading-block.default\">\n\t\t\t\t<div class=\"elementor-widget-container\">\n\t\t\t<div class=\"gva-element-gva-heading-block gva-element\">   <div class=\"align-center style-1 widget gsc-heading\">\r\n      <div class=\"content-inner\">\r\n         \r\n                  \r\n                  \r\n                     <h2 class=\"title\">\r\n               <span>Nuestros ejes de intervenci\u00f3n<\/span>\r\n            <\/h2>\r\n         \r\n          \r\n\r\n         \r\n         \r\n      <\/div>\r\n   <\/div>\r\n   <div class=\"clearfix\"><\/div>\r\n<\/div>\t\t<\/div>\n\t\t\t\t<\/div>\n\t\t\t\t<section class=\"elementor-section elementor-inner-section elementor-element elementor-element-d49e692 elementor-section-content-middle elementor-section-boxed elementor-section-height-default elementor-section-height-default\" data-id=\"d49e692\" data-element_type=\"section\">\n\t\t\t\t\t\t<div class=\"elementor-container elementor-column-gap-default\">\n\t\t\t\t\t<div class=\"elementor-column elementor-col-33 elementor-inner-column elementor-element elementor-element-e2c0444\" data-id=\"e2c0444\" data-element_type=\"column\">\n\t\t\t<div class=\"elementor-widget-wrap elementor-element-populated\">\n\t\t\t\t\t\t<div class=\"elementor-element elementor-element-72be588 elementor-position-top elementor-widget elementor-widget-image-box\" data-id=\"72be588\" data-element_type=\"widget\" data-widget_type=\"image-box.default\">\n\t\t\t\t<div class=\"elementor-widget-container\">\n\t\t\t<div class=\"elementor-image-box-wrapper\"><figure class=\"elementor-image-box-img\"><a href=\"https:\/\/cremx.org\/proyectodevida\/\" target=\"_blank\" tabindex=\"-1\"><img decoding=\"async\" width=\"258\" height=\"255\" src=\"https:\/\/cremx.org\/wp-content\/uploads\/2024\/11\/eje-1.png\" class=\"attachment-medium size-medium wp-image-7279\" alt=\"\" \/><\/a><\/figure><div class=\"elementor-image-box-content\"><h3 class=\"elementor-image-box-title\"><a href=\"https:\/\/cremx.org\/proyectodevida\/\" target=\"_blank\">Programa de educaci\u00f3n socioemocional \"Proyecto de Vida\"<\/a><\/h3><\/div><\/div>\t\t<\/div>\n\t\t\t\t<\/div>\n\t\t\t\t\t<\/div>\n\t\t<\/div>\n\t\t\t\t<div class=\"elementor-column elementor-col-33 elementor-inner-column elementor-element elementor-element-f34efec\" data-id=\"f34efec\" data-element_type=\"column\">\n\t\t\t<div class=\"elementor-widget-wrap elementor-element-populated\">\n\t\t\t\t\t\t<div class=\"elementor-element elementor-element-2200df4 elementor-position-top elementor-widget elementor-widget-image-box\" data-id=\"2200df4\" data-element_type=\"widget\" data-widget_type=\"image-box.default\">\n\t\t\t\t<div class=\"elementor-widget-container\">\n\t\t\t<div class=\"elementor-image-box-wrapper\"><figure class=\"elementor-image-box-img\"><a href=\"https:\/\/cremx.org\/revistavanguardiaeducativa\/\" target=\"_blank\" tabindex=\"-1\"><img decoding=\"async\" width=\"259\" height=\"256\" src=\"https:\/\/cremx.org\/wp-content\/uploads\/2024\/11\/eje-2.png\" class=\"attachment-medium size-medium wp-image-7280\" alt=\"\" \/><\/a><\/figure><div class=\"elementor-image-box-content\"><h3 class=\"elementor-image-box-title\"><a href=\"https:\/\/cremx.org\/revistavanguardiaeducativa\/\" target=\"_blank\">Revista Vanguardia Educativa<\/a><\/h3><\/div><\/div>\t\t<\/div>\n\t\t\t\t<\/div>\n\t\t\t\t\t<\/div>\n\t\t<\/div>\n\t\t\t\t<div class=\"elementor-column elementor-col-33 elementor-inner-column elementor-element elementor-element-86424aa\" data-id=\"86424aa\" data-element_type=\"column\">\n\t\t\t<div class=\"elementor-widget-wrap elementor-element-populated\">\n\t\t\t\t\t\t<div class=\"elementor-element elementor-element-fd2aceb elementor-position-top elementor-widget elementor-widget-image-box\" data-id=\"fd2aceb\" data-element_type=\"widget\" data-widget_type=\"image-box.default\">\n\t\t\t\t<div class=\"elementor-widget-container\">\n\t\t\t<div class=\"elementor-image-box-wrapper\"><figure class=\"elementor-image-box-img\"><a href=\"https:\/\/cremx.org\/congresomundialdeeducacion\/\" target=\"_blank\" tabindex=\"-1\"><img loading=\"lazy\" decoding=\"async\" width=\"257\" height=\"256\" src=\"https:\/\/cremx.org\/wp-content\/uploads\/2024\/11\/eje-3.png\" class=\"attachment-medium size-medium wp-image-7281\" alt=\"\" \/><\/a><\/figure><div class=\"elementor-image-box-content\"><h3 class=\"elementor-image-box-title\"><a href=\"https:\/\/cremx.org\/congresomundialdeeducacion\/\" target=\"_blank\">Congreso Mundial de Educaci\u00f3n<\/a><\/h3><\/div><\/div>\t\t<\/div>\n\t\t\t\t<\/div>\n\t\t\t\t\t<\/div>\n\t\t<\/div>\n\t\t\t\t\t<\/div>\n\t\t<\/section>\n\t\t\t\t\t<\/div>\n\t\t<\/div>\n\t\t\t\t\t<\/div>\n\t\t<\/section>\n\t\t\t\t<section class=\"elementor-section elementor-top-section elementor-element elementor-element-a1d2efb elementor-section-boxed elementor-section-height-default elementor-section-height-default\" data-id=\"a1d2efb\" data-element_type=\"section\">\n\t\t\t\t\t\t<div class=\"elementor-container elementor-column-gap-default\">\n\t\t\t\t\t<div class=\"elementor-column elementor-col-100 elementor-top-column elementor-element elementor-element-359b04a\" data-id=\"359b04a\" data-element_type=\"column\">\n\t\t\t<div class=\"elementor-widget-wrap elementor-element-populated\">\n\t\t\t\t\t\t<div class=\"elementor-element elementor-element-8534c02 elementor-widget elementor-widget-gva-heading-block\" data-id=\"8534c02\" data-element_type=\"widget\" data-widget_type=\"gva-heading-block.default\">\n\t\t\t\t<div class=\"elementor-widget-container\">\n\t\t\t<div class=\"gva-element-gva-heading-block gva-element\">   <div class=\"align-center style-1 widget gsc-heading\">\r\n      <div class=\"content-inner\">\r\n         \r\n                  \r\n                  \r\n                     <h2 class=\"title\">\r\n               <span>Componentes de Proyecto de Vida<\/span>\r\n            <\/h2>\r\n         \r\n          \r\n\r\n         \r\n         \r\n      <\/div>\r\n   <\/div>\r\n   <div class=\"clearfix\"><\/div>\r\n<\/div>\t\t<\/div>\n\t\t\t\t<\/div>\n\t\t\t\t\t<\/div>\n\t\t<\/div>\n\t\t\t\t\t<\/div>\n\t\t<\/section>\n\t\t\t\t<section class=\"elementor-section elementor-top-section elementor-element elementor-element-46b5f52 elementor-section-boxed elementor-section-height-default elementor-section-height-default\" data-id=\"46b5f52\" data-element_type=\"section\">\n\t\t\t\t\t\t<div class=\"elementor-container elementor-column-gap-default\">\n\t\t\t\t\t<div class=\"elementor-column elementor-col-100 elementor-top-column elementor-element elementor-element-9aaf622\" data-id=\"9aaf622\" data-element_type=\"column\">\n\t\t\t<div class=\"elementor-widget-wrap elementor-element-populated\">\n\t\t\t\t\t\t<div class=\"elementor-element elementor-element-9eec6b3 elementor-widget elementor-widget-text-editor\" data-id=\"9eec6b3\" data-element_type=\"widget\" data-widget_type=\"text-editor.default\">\n\t\t\t\t<div class=\"elementor-widget-container\">\n\t\t\t\t\t\t\t<p><span style=\"color: #000000;\">En CREmx, entendemos que el impacto real debe ser sostenible para generar un cambio profundo. Alineados con los criterios ESG (ambientales, sociales y de gobernanza), trabajamos para que cada acci\u00f3n tenga un impacto positivo y duradero. La sostenibilidad es esencial en nuestros programas, asegurando que cada ni\u00f1o y joven no solo reciba una educaci\u00f3n, sino una base s\u00f3lida que perdure y les permita enfrentar los desaf\u00edos del futuro<strong>. Nos comprometemos a generar un cambio que no solo beneficie a los estudiantes actuales, sino tambi\u00e9n a futuras generaciones, construyendo un legado educativo en M\u00e9xico<\/strong>.<\/span><\/p>\t\t\t\t\t\t<\/div>\n\t\t\t\t<\/div>\n\t\t\t\t\t<\/div>\n\t\t<\/div>\n\t\t\t\t\t<\/div>\n\t\t<\/section>\n\t\t\t\t<section class=\"elementor-section elementor-top-section elementor-element elementor-element-8056cfc elementor-section-boxed elementor-section-height-default elementor-section-height-default\" data-id=\"8056cfc\" data-element_type=\"section\">\n\t\t\t\t\t\t<div class=\"elementor-container elementor-column-gap-default\">\n\t\t\t\t\t<div class=\"elementor-column elementor-col-50 elementor-top-column elementor-element elementor-element-c80f38c\" data-id=\"c80f38c\" data-element_type=\"column\">\n\t\t\t<div class=\"elementor-widget-wrap elementor-element-populated\">\n\t\t\t\t\t\t<div class=\"elementor-element elementor-element-ac3374a elementor-widget elementor-widget-image\" data-id=\"ac3374a\" data-element_type=\"widget\" data-widget_type=\"image.default\">\n\t\t\t\t<div class=\"elementor-widget-container\">\n\t\t\t\t\t\t\t\t\t\t\t\t\t<img loading=\"lazy\" decoding=\"async\" width=\"556\" height=\"691\" src=\"https:\/\/cremx.org\/wp-content\/uploads\/2024\/12\/bullets.jpg\" class=\"attachment-large size-large wp-image-8137\" alt=\"\" \/>\t\t\t\t\t\t\t\t\t\t\t\t\t<\/div>\n\t\t\t\t<\/div>\n\t\t\t\t\t<\/div>\n\t\t<\/div>\n\t\t\t\t<div class=\"elementor-column elementor-col-50 elementor-top-column elementor-element elementor-element-61a4521\" data-id=\"61a4521\" data-element_type=\"column\">\n\t\t\t<div class=\"elementor-widget-wrap elementor-element-populated\">\n\t\t\t\t\t\t<div class=\"elementor-element elementor-element-483e738 elementor-widget elementor-widget-text-editor\" data-id=\"483e738\" data-element_type=\"widget\" data-widget_type=\"text-editor.default\">\n\t\t\t\t<div class=\"elementor-widget-container\">\n\t\t\t\t\t\t\t<p><span style=\"color: #000000;\"><strong>Programa Lectoescritura en Familia:<\/strong> Desarrolla habilidades lecto-escritoras, matem\u00e1ticas, socioemocionales, funciones ejecutivas y rutinas de pensamiento a trav\u00e9s actividades l\u00fadicas, y material did\u00e1ctico l\u00fadico y STEM que impulsan estas habilidades.<\/span><\/p><p><span style=\"color: #000000;\"><strong>Programa Bibliotecas Escolares:<\/strong> Se reactivan bibliotecas escolares con la colaboraci\u00f3n de instituciones gubernamentales, empresas y la misma comunidad escolar beneficiada.<\/span><\/p><p><span style=\"color: #000000;\"><strong>Programa Proyectos Comunitarios:<\/strong> Vincula a los padres de familia, docentes y l\u00edderes sociales para desarrollar un proyecto de responsabilidad social con una escuela p\u00fablica.<\/span><\/p><p><span style=\"color: #000000;\"><strong>Programa LudoCREa:<\/strong> Brinda a las familias las competencias para lograr un neurodesarrollo \u00f3ptimo y fortalecer sus v\u00ednculos familiares.<\/span><br \/><span style=\"color: #000000;\">Programa Neurodesarrollo: Brinda estrategias pr\u00e1cticas que favorecen el neurodesarrollo de los ni\u00f1os.<\/span><\/p><p><span style=\"color: #000000;\"><strong>Programa de Educaci\u00f3n Financiera:<\/strong> Impulsa el acompa\u00f1amiento integral <\/span><br \/><span style=\"color: #000000;\">familiar-educativo del ni\u00f1o(a) para propiciar estrategias de autocontrol, autorregulaci\u00f3n y planeaci\u00f3n a futuro<\/span><\/p>\t\t\t\t\t\t<\/div>\n\t\t\t\t<\/div>\n\t\t\t\t\t<\/div>\n\t\t<\/div>\n\t\t\t\t\t<\/div>\n\t\t<\/section>\n\t\t\t\t<section class=\"elementor-section elementor-top-section elementor-element elementor-element-9a97d98 elementor-section-boxed elementor-section-height-default elementor-section-height-default\" data-id=\"9a97d98\" data-element_type=\"section\">\n\t\t\t\t\t\t<div class=\"elementor-container elementor-column-gap-default\">\n\t\t\t\t\t<div class=\"elementor-column elementor-col-100 elementor-top-column elementor-element elementor-element-b16c633\" data-id=\"b16c633\" data-element_type=\"column\">\n\t\t\t<div class=\"elementor-widget-wrap elementor-element-populated\">\n\t\t\t\t\t\t<div class=\"elementor-element elementor-element-4d796ec elementor-widget elementor-widget-gva-heading-block\" data-id=\"4d796ec\" data-element_type=\"widget\" data-widget_type=\"gva-heading-block.default\">\n\t\t\t\t<div class=\"elementor-widget-container\">\n\t\t\t<div class=\"gva-element-gva-heading-block gva-element\">   <div class=\"align-center style-1 widget gsc-heading\">\r\n      <div class=\"content-inner\">\r\n         \r\n                  \r\n                  \r\n                     <h2 class=\"title\">\r\n               <span>Impacto 2023  2024<\/span>\r\n            <\/h2>\r\n         \r\n          \r\n\r\n         \r\n         \r\n      <\/div>\r\n   <\/div>\r\n   <div class=\"clearfix\"><\/div>\r\n<\/div>\t\t<\/div>\n\t\t\t\t<\/div>\n\t\t\t\t\t<\/div>\n\t\t<\/div>\n\t\t\t\t\t<\/div>\n\t\t<\/section>\n\t\t\t\t<section class=\"elementor-section elementor-top-section elementor-element elementor-element-cfb24ad elementor-section-boxed elementor-section-height-default elementor-section-height-default\" data-id=\"cfb24ad\" data-element_type=\"section\">\n\t\t\t\t\t\t<div class=\"elementor-container elementor-column-gap-default\">\n\t\t\t\t\t<div class=\"elementor-column elementor-col-100 elementor-top-column elementor-element elementor-element-b9cdf05\" data-id=\"b9cdf05\" data-element_type=\"column\">\n\t\t\t<div class=\"elementor-widget-wrap elementor-element-populated\">\n\t\t\t\t\t\t<div class=\"elementor-element elementor-element-bf77a71 elementor-widget elementor-widget-image\" data-id=\"bf77a71\" data-element_type=\"widget\" data-widget_type=\"image.default\">\n\t\t\t\t<div class=\"elementor-widget-container\">\n\t\t\t\t\t\t\t\t\t\t\t\t\t<img loading=\"lazy\" decoding=\"async\" width=\"900\" height=\"550\" src=\"https:\/\/cremx.org\/wp-content\/uploads\/2024\/12\/impacto-2024-2.jpg\" class=\"attachment-full size-full wp-image-8146\" alt=\"\" \/>\t\t\t\t\t\t\t\t\t\t\t\t\t<\/div>\n\t\t\t\t<\/div>\n\t\t\t\t\t<\/div>\n\t\t<\/div>\n\t\t\t\t\t<\/div>\n\t\t<\/section>\n\t\t\t\t<section class=\"elementor-section elementor-top-section elementor-element elementor-element-d8bb9aa elementor-section-boxed elementor-section-height-default elementor-section-height-default\" data-id=\"d8bb9aa\" data-element_type=\"section\">\n\t\t\t\t\t\t<div class=\"elementor-container elementor-column-gap-default\">\n\t\t\t\t\t<div class=\"elementor-column elementor-col-100 elementor-top-column elementor-element elementor-element-a856a71\" data-id=\"a856a71\" data-element_type=\"column\">\n\t\t\t<div class=\"elementor-widget-wrap elementor-element-populated\">\n\t\t\t\t\t\t<div class=\"elementor-element elementor-element-6b58f83 elementor-widget elementor-widget-gva-heading-block\" data-id=\"6b58f83\" data-element_type=\"widget\" data-widget_type=\"gva-heading-block.default\">\n\t\t\t\t<div class=\"elementor-widget-container\">\n\t\t\t<div class=\"gva-element-gva-heading-block gva-element\">   <div class=\"align-center style-1 widget gsc-heading\">\r\n      <div class=\"content-inner\">\r\n         \r\n                  \r\n                  \r\n                     <h2 class=\"title\">\r\n               <span>Material did\u00e1ctico entregado:<\/span>\r\n            <\/h2>\r\n         \r\n          \r\n\r\n         \r\n         \r\n      <\/div>\r\n   <\/div>\r\n   <div class=\"clearfix\"><\/div>\r\n<\/div>\t\t<\/div>\n\t\t\t\t<\/div>\n\t\t\t\t\t<\/div>\n\t\t<\/div>\n\t\t\t\t\t<\/div>\n\t\t<\/section>\n\t\t\t\t<section class=\"elementor-section elementor-top-section elementor-element elementor-element-55ecd6d elementor-section-boxed elementor-section-height-default elementor-section-height-default\" data-id=\"55ecd6d\" data-element_type=\"section\">\n\t\t\t\t\t\t<div class=\"elementor-container elementor-column-gap-default\">\n\t\t\t\t\t<div class=\"elementor-column elementor-col-100 elementor-top-column elementor-element elementor-element-2bfcf57\" data-id=\"2bfcf57\" data-element_type=\"column\">\n\t\t\t<div class=\"elementor-widget-wrap elementor-element-populated\">\n\t\t\t\t\t\t<div class=\"elementor-element elementor-element-7e05a6a elementor-widget elementor-widget-image\" data-id=\"7e05a6a\" data-element_type=\"widget\" data-widget_type=\"image.default\">\n\t\t\t\t<div class=\"elementor-widget-container\">\n\t\t\t\t\t\t\t\t\t\t\t\t\t<img loading=\"lazy\" decoding=\"async\" width=\"900\" height=\"364\" src=\"https:\/\/cremx.org\/wp-content\/uploads\/2024\/12\/material-didactico-2.jpg\" class=\"attachment-large size-large wp-image-8157\" alt=\"\" \/>\t\t\t\t\t\t\t\t\t\t\t\t\t<\/div>\n\t\t\t\t<\/div>\n\t\t\t\t\t<\/div>\n\t\t<\/div>\n\t\t\t\t\t<\/div>\n\t\t<\/section>\n\t\t\t\t<section class=\"elementor-section elementor-top-section elementor-element elementor-element-1c61717 elementor-section-boxed elementor-section-height-default elementor-section-height-default\" data-id=\"1c61717\" data-element_type=\"section\">\n\t\t\t\t\t\t<div class=\"elementor-container elementor-column-gap-default\">\n\t\t\t\t\t<div class=\"elementor-column elementor-col-100 elementor-top-column elementor-element elementor-element-681dc5d\" data-id=\"681dc5d\" data-element_type=\"column\">\n\t\t\t<div class=\"elementor-widget-wrap elementor-element-populated\">\n\t\t\t\t\t\t<div class=\"elementor-element elementor-element-63ed8a5 elementor-widget elementor-widget-text-editor\" data-id=\"63ed8a5\" data-element_type=\"widget\" data-widget_type=\"text-editor.default\">\n\t\t\t\t<div class=\"elementor-widget-container\">\n\t\t\t\t\t\t\t<p><span style=\"color: #000000;\"><strong>En CREmx, creemos que la educaci\u00f3n no debe quedarse encerrada entre cuatro paredes. <\/strong>La verdadera ense\u00f1anza va m\u00e1s all\u00e1 de las aulas. Por eso, transformamos hogares, empresas, parques y bibliotecas en espacios l\u00fadicos de encuentro, conexi\u00f3n y aprendizaje.<\/span><\/p>\t\t\t\t\t\t<\/div>\n\t\t\t\t<\/div>\n\t\t\t\t\t<\/div>\n\t\t<\/div>\n\t\t\t\t\t<\/div>\n\t\t<\/section>\n\t\t\t\t<section class=\"elementor-section elementor-top-section elementor-element elementor-element-8bb8be4 elementor-section-boxed elementor-section-height-default elementor-section-height-default\" data-id=\"8bb8be4\" data-element_type=\"section\" data-settings=\"{&quot;background_background&quot;:&quot;classic&quot;}\">\n\t\t\t\t\t\t\t<div class=\"elementor-background-overlay\"><\/div>\n\t\t\t\t\t\t\t<div class=\"elementor-container elementor-column-gap-default\">\n\t\t\t\t\t<div class=\"elementor-column elementor-col-100 elementor-top-column elementor-element elementor-element-3f55832\" data-id=\"3f55832\" data-element_type=\"column\">\n\t\t\t<div class=\"elementor-widget-wrap elementor-element-populated\">\n\t\t\t\t\t\t<div class=\"elementor-element elementor-element-448941e elementor-widget elementor-widget-gva-heading-block\" data-id=\"448941e\" data-element_type=\"widget\" data-widget_type=\"gva-heading-block.default\">\n\t\t\t\t<div class=\"elementor-widget-container\">\n\t\t\t<div class=\"gva-element-gva-heading-block gva-element\">   <div class=\"align-center style-1 widget gsc-heading\">\r\n      <div class=\"content-inner\">\r\n         \r\n                  \r\n                  \r\n                     <h2 class=\"title\">\r\n               <span>Convi\u00e9rtete en el por qu\u00e9 de la sonrisa de miles de estudiantes<\/span>\r\n            <\/h2>\r\n         \r\n          \r\n\r\n         \r\n                     <div class=\"heading-action\">\r\n                       <a href=\"https:\/\/cremx.org\/index.php\/donar\/\" class=\"btn-theme btn-cta\">\r\n          Quiero ayudar        <\/a>\r\n\r\n                    <\/div>\r\n         \r\n      <\/div>\r\n   <\/div>\r\n   <div class=\"clearfix\"><\/div>\r\n<\/div>\t\t<\/div>\n\t\t\t\t<\/div>\n\t\t\t\t\t<\/div>\n\t\t<\/div>\n\t\t\t\t\t<\/div>\n\t\t<\/section>\n\t\t\t\t<\/div>\n\t\t","protected":false},"excerpt":{"rendered":"<p>El coraz\u00f3n de CREmx es su programa \u201cProyecto de Vida\u201d. Inicialmente, este programa se centr\u00f3 en brindar una educaci\u00f3n socioemocional [&hellip;]<\/p>\n","protected":false},"author":1,"featured_media":0,"parent":0,"menu_order":0,"comment_status":"closed","ping_status":"closed","template":"","meta":{"_joinchat":[],"footnotes":""},"class_list":["post-7392","page","type-page","status-publish","hentry"],"_links":{"self":[{"href":"https:\/\/cremx.org\/index.php\/wp-json\/wp\/v2\/pages\/7392","targetHints":{"allow":["GET"]}}],"collection":[{"href":"https:\/\/cremx.org\/index.php\/wp-json\/wp\/v2\/pages"}],"about":[{"href":"https:\/\/cremx.org\/index.php\/wp-json\/wp\/v2\/types\/page"}],"author":[{"embeddable":true,"href":"https:\/\/cremx.org\/index.php\/wp-json\/wp\/v2\/users\/1"}],"replies":[{"embeddable":true,"href":"https:\/\/cremx.org\/index.php\/wp-json\/wp\/v2\/comments?post=7392"}],"version-history":[{"count":149,"href":"https:\/\/cremx.org\/index.php\/wp-json\/wp\/v2\/pages\/7392\/revisions"}],"predecessor-version":[{"id":8680,"href":"https:\/\/cremx.org\/index.php\/wp-json\/wp\/v2\/pages\/7392\/revisions\/8680"}],"wp:attachment":[{"href":"https:\/\/cremx.org\/index.php\/wp-json\/wp\/v2\/media?parent=7392"}],"curies":[{"name":"wp","href":"https:\/\/api.w.org\/{rel}","templated":true}]}}