{"id":612,"date":"2016-03-07T03:11:04","date_gmt":"2016-03-07T03:11:04","guid":{"rendered":"https:\/\/gaviaspreview.com\/wp\/kipso\/?page_id=612"},"modified":"2025-10-15T21:51:05","modified_gmt":"2025-10-15T21:51:05","slug":"quienes-somos","status":"publish","type":"page","link":"https:\/\/cremx.org\/index.php\/quienes-somos\/","title":{"rendered":"Nosotros"},"content":{"rendered":"\t\t<div data-elementor-type=\"wp-post\" data-elementor-id=\"612\" class=\"elementor elementor-612\">\n\t\t\t\t\t\t<section class=\"elementor-section elementor-top-section elementor-element elementor-element-5a79e21 elementor-section-boxed elementor-section-height-default elementor-section-height-default\" data-id=\"5a79e21\" data-element_type=\"section\">\n\t\t\t\t\t\t<div class=\"elementor-container elementor-column-gap-default\">\n\t\t\t\t\t<div class=\"elementor-column elementor-col-100 elementor-top-column elementor-element elementor-element-671c330\" data-id=\"671c330\" data-element_type=\"column\">\n\t\t\t<div class=\"elementor-widget-wrap\">\n\t\t\t\t\t\t\t<\/div>\n\t\t<\/div>\n\t\t\t\t\t<\/div>\n\t\t<\/section>\n\t\t\t\t<section class=\"elementor-section elementor-top-section elementor-element elementor-element-9804494 elementor-section-boxed elementor-section-height-default elementor-section-height-default\" data-id=\"9804494\" data-element_type=\"section\">\n\t\t\t\t\t\t<div class=\"elementor-container elementor-column-gap-default\">\n\t\t\t\t\t<div class=\"elementor-column elementor-col-100 elementor-top-column elementor-element elementor-element-5a6a70f\" data-id=\"5a6a70f\" data-element_type=\"column\">\n\t\t\t<div class=\"elementor-widget-wrap elementor-element-populated\">\n\t\t\t\t\t\t<div class=\"elementor-element elementor-element-1b4fec2 elementor-widget elementor-widget-image\" data-id=\"1b4fec2\" data-element_type=\"widget\" data-widget_type=\"image.default\">\n\t\t\t\t<div class=\"elementor-widget-container\">\n\t\t\t\t\t\t\t\t\t\t\t\t\t<img fetchpriority=\"high\" decoding=\"async\" width=\"1744\" height=\"293\" src=\"https:\/\/cremx.org\/wp-content\/uploads\/2024\/12\/TIT-SOMOS.jpg\" class=\"attachment-full size-full wp-image-8247\" alt=\"\" \/>\t\t\t\t\t\t\t\t\t\t\t\t\t<\/div>\n\t\t\t\t<\/div>\n\t\t\t\t\t<\/div>\n\t\t<\/div>\n\t\t\t\t\t<\/div>\n\t\t<\/section>\n\t\t\t\t<section class=\"elementor-section elementor-top-section elementor-element elementor-element-6efc289 elementor-section-boxed elementor-section-height-default elementor-section-height-default\" data-id=\"6efc289\" data-element_type=\"section\">\n\t\t\t\t\t\t<div class=\"elementor-container elementor-column-gap-default\">\n\t\t\t\t\t<div class=\"elementor-column elementor-col-100 elementor-top-column elementor-element elementor-element-1dc112e\" data-id=\"1dc112e\" data-element_type=\"column\">\n\t\t\t<div class=\"elementor-widget-wrap elementor-element-populated\">\n\t\t\t\t\t\t<div class=\"elementor-element elementor-element-ec9bcf3 elementor-widget elementor-widget-text-editor\" data-id=\"ec9bcf3\" data-element_type=\"widget\" data-widget_type=\"text-editor.default\">\n\t\t\t\t<div class=\"elementor-widget-container\">\n\t\t\t\t\t\t\t<p><span style=\"color: #333333;\">En CREmx creemos que la educaci\u00f3n transforma vidas.<\/span><\/p><p><span style=\"color: #333333;\">Somos una organizaci\u00f3n sin fines de lucro que desde 2010 trabaja para crear oportunidades educativas integrales y human\u00edsticas que permitan a ni\u00f1as, ni\u00f1os y j\u00f3venes en situaci\u00f3n de vulnerabilidad alcanzar su m\u00e1ximo potencial.<\/span><\/p><p><span style=\"color: #333333;\">Nuestra historia nace en Monterrey, en un momento de profunda crisis social. Desde entonces, decidimos actuar con una convicci\u00f3n firme: la educaci\u00f3n es la herramienta m\u00e1s poderosa para construir un M\u00e9xico m\u00e1s equitativo, consciente y sostenible.<\/span><\/p><p><span style=\"color: #333333;\">Dise\u00f1amos e implementamos programas innovadores como CREabc, CREpuntos y LudoCREa, que integran desarrollo acad\u00e9mico, bienestar socioemocional y habilidades para la vida. Nos guiamos por criterios de sostenibilidad y gobernanza (ESG), asegurando que nuestro impacto sea profundo y duradero.<\/span><\/p><p><span style=\"color: #333333;\">Cada paso que damos est\u00e1 motivado por historias reales de superaci\u00f3n. Cada alianza que formamos, cada apoyo que recibimos, fortalece nuestro compromiso con una causa que no es solo educativa, sino transformadora.<\/span><\/p><p><span style=\"color: #333333;\">En CREmx, educar es construir futuro.<\/span><\/p><p><span style=\"color: #333333;\">Y t\u00fa puedes ser parte de ese cambio.<\/span><\/p>\t\t\t\t\t\t<\/div>\n\t\t\t\t<\/div>\n\t\t\t\t\t<\/div>\n\t\t<\/div>\n\t\t\t\t\t<\/div>\n\t\t<\/section>\n\t\t\t\t<section class=\"elementor-section elementor-top-section elementor-element elementor-element-20a728b elementor-section-boxed elementor-section-height-default elementor-section-height-default\" data-id=\"20a728b\" data-element_type=\"section\">\n\t\t\t\t\t\t<div class=\"elementor-container elementor-column-gap-default\">\n\t\t\t\t\t<div class=\"elementor-column elementor-col-100 elementor-top-column elementor-element elementor-element-9608798\" data-id=\"9608798\" data-element_type=\"column\">\n\t\t\t<div class=\"elementor-widget-wrap\">\n\t\t\t\t\t\t\t<\/div>\n\t\t<\/div>\n\t\t\t\t\t<\/div>\n\t\t<\/section>\n\t\t\t\t<section class=\"elementor-section elementor-top-section elementor-element elementor-element-e405b69 elementor-section-boxed elementor-section-height-default elementor-section-height-default\" data-id=\"e405b69\" data-element_type=\"section\">\n\t\t\t\t\t\t<div class=\"elementor-container elementor-column-gap-default\">\n\t\t\t\t\t<div class=\"elementor-column elementor-col-100 elementor-top-column elementor-element elementor-element-16d4e16\" data-id=\"16d4e16\" data-element_type=\"column\">\n\t\t\t<div class=\"elementor-widget-wrap elementor-element-populated\">\n\t\t\t\t\t\t<div class=\"elementor-element elementor-element-6511310 elementor-widget elementor-widget-gva-heading-block\" data-id=\"6511310\" data-element_type=\"widget\" data-widget_type=\"gva-heading-block.default\">\n\t\t\t\t<div class=\"elementor-widget-container\">\n\t\t\t<div class=\"gva-element-gva-heading-block gva-element\">   <div class=\"align-center style-1 widget gsc-heading\">\r\n      <div class=\"content-inner\">\r\n         \r\n                  \r\n                  \r\n                     <h2 class=\"title\">\r\n               <span>Nuestros valores<\/span>\r\n            <\/h2>\r\n         \r\n          \r\n\r\n         \r\n         \r\n      <\/div>\r\n   <\/div>\r\n   <div class=\"clearfix\"><\/div>\r\n<\/div>\t\t<\/div>\n\t\t\t\t<\/div>\n\t\t\t\t\t<\/div>\n\t\t<\/div>\n\t\t\t\t\t<\/div>\n\t\t<\/section>\n\t\t\t\t<section class=\"elementor-section elementor-top-section elementor-element elementor-element-cf49edf elementor-section-boxed elementor-section-height-default elementor-section-height-default\" data-id=\"cf49edf\" data-element_type=\"section\">\n\t\t\t\t\t\t<div class=\"elementor-container elementor-column-gap-default\">\n\t\t\t\t\t<div class=\"elementor-column elementor-col-50 elementor-top-column elementor-element elementor-element-05547ff\" data-id=\"05547ff\" data-element_type=\"column\">\n\t\t\t<div class=\"elementor-widget-wrap elementor-element-populated\">\n\t\t\t\t\t\t<div class=\"elementor-element elementor-element-7983d16 elementor-widget elementor-widget-text-editor\" data-id=\"7983d16\" data-element_type=\"widget\" data-widget_type=\"text-editor.default\">\n\t\t\t\t<div class=\"elementor-widget-container\">\n\t\t\t\t\t\t\t<ul><li><span style=\"color: #000000;\"><strong>Innovaci\u00f3n:<\/strong> Creemos en la constante evoluci\u00f3n y mejora de nuestras metodolog\u00edas para adaptarnos a las necesidades emergentes de la educaci\u00f3n.<\/span><br \/><br \/><br \/><\/li><li><span style=\"color: #000000;\"><strong>Equidad:<\/strong> Trabajamos para garantizar que todos los ni\u00f1os y j\u00f3venes, independientemente de su contexto, tengan acceso a oportunidades educativas de calidad.<\/span><br \/><br \/><\/li><li><span style=\"color: #000000;\"><strong>Sostenibilidad:<\/strong> Promovemos pr\u00e1cticas y ense\u00f1anzas que aseguren un impacto positivo y duradero en las comunidades que servimos.<\/span><br \/><br \/><\/li><li><span style=\"color: #000000;\"><strong>Colaboraci\u00f3n:<\/strong> Fomentamos alianzas estrat\u00e9gicas con diversos actores del \u00e1mbito educativo y social para enriquecer y expandir nuestro alcance.<\/span><\/li><\/ul>\t\t\t\t\t\t<\/div>\n\t\t\t\t<\/div>\n\t\t\t\t\t<\/div>\n\t\t<\/div>\n\t\t\t\t<div class=\"elementor-column elementor-col-50 elementor-top-column elementor-element elementor-element-d54175f\" data-id=\"d54175f\" data-element_type=\"column\">\n\t\t\t<div class=\"elementor-widget-wrap elementor-element-populated\">\n\t\t\t\t\t\t<div class=\"elementor-element elementor-element-e23ad90 elementor-widget elementor-widget-image\" data-id=\"e23ad90\" data-element_type=\"widget\" data-widget_type=\"image.default\">\n\t\t\t\t<div class=\"elementor-widget-container\">\n\t\t\t\t\t\t\t\t\t\t\t\t\t<img decoding=\"async\" width=\"768\" height=\"731\" src=\"https:\/\/cremx.org\/wp-content\/uploads\/2024\/12\/NINOS-SOMOS-768x731.jpg\" class=\"attachment-medium_large size-medium_large wp-image-8030\" alt=\"\" \/>\t\t\t\t\t\t\t\t\t\t\t\t\t<\/div>\n\t\t\t\t<\/div>\n\t\t\t\t\t<\/div>\n\t\t<\/div>\n\t\t\t\t\t<\/div>\n\t\t<\/section>\n\t\t\t\t<section class=\"elementor-section elementor-top-section elementor-element elementor-element-8cbef9f elementor-section-boxed elementor-section-height-default elementor-section-height-default\" data-id=\"8cbef9f\" data-element_type=\"section\">\n\t\t\t\t\t\t<div class=\"elementor-container elementor-column-gap-default\">\n\t\t\t\t\t<div class=\"elementor-column elementor-col-100 elementor-top-column elementor-element elementor-element-12ec6e9\" data-id=\"12ec6e9\" data-element_type=\"column\">\n\t\t\t<div class=\"elementor-widget-wrap elementor-element-populated\">\n\t\t\t\t\t\t<div class=\"elementor-element elementor-element-fb13bcd elementor-widget elementor-widget-image\" data-id=\"fb13bcd\" data-element_type=\"widget\" data-widget_type=\"image.default\">\n\t\t\t\t<div class=\"elementor-widget-container\">\n\t\t\t\t\t\t\t\t\t\t\t\t\t<img decoding=\"async\" width=\"732\" height=\"130\" src=\"https:\/\/cremx.org\/wp-content\/uploads\/2024\/12\/14-anos.jpg\" class=\"attachment-large size-large wp-image-8042\" alt=\"\" \/>\t\t\t\t\t\t\t\t\t\t\t\t\t<\/div>\n\t\t\t\t<\/div>\n\t\t\t\t\t<\/div>\n\t\t<\/div>\n\t\t\t\t\t<\/div>\n\t\t<\/section>\n\t\t\t\t<section class=\"elementor-section elementor-top-section elementor-element elementor-element-1ca39ae elementor-section-boxed elementor-section-height-default elementor-section-height-default\" data-id=\"1ca39ae\" data-element_type=\"section\">\n\t\t\t\t\t\t<div class=\"elementor-container elementor-column-gap-default\">\n\t\t\t\t\t<div class=\"elementor-column elementor-col-100 elementor-top-column elementor-element elementor-element-1f249d6\" data-id=\"1f249d6\" data-element_type=\"column\">\n\t\t\t<div class=\"elementor-widget-wrap elementor-element-populated\">\n\t\t\t\t\t\t<div class=\"elementor-element elementor-element-f42725e elementor-widget elementor-widget-image\" data-id=\"f42725e\" data-element_type=\"widget\" data-widget_type=\"image.default\">\n\t\t\t\t<div class=\"elementor-widget-container\">\n\t\t\t\t\t\t\t\t\t\t\t\t\t<img loading=\"lazy\" decoding=\"async\" width=\"900\" height=\"540\" src=\"https:\/\/cremx.org\/wp-content\/uploads\/2024\/12\/HITOS-1-1024x614.jpg\" class=\"attachment-large size-large wp-image-8038\" alt=\"\" \/>\t\t\t\t\t\t\t\t\t\t\t\t\t<\/div>\n\t\t\t\t<\/div>\n\t\t\t\t\t<\/div>\n\t\t<\/div>\n\t\t\t\t\t<\/div>\n\t\t<\/section>\n\t\t\t\t<section class=\"elementor-section elementor-top-section elementor-element elementor-element-25f5904 elementor-section-boxed elementor-section-height-default elementor-section-height-default\" data-id=\"25f5904\" data-element_type=\"section\">\n\t\t\t\t\t\t<div class=\"elementor-container elementor-column-gap-default\">\n\t\t\t\t\t<div class=\"elementor-column elementor-col-100 elementor-top-column elementor-element elementor-element-db67b3b\" data-id=\"db67b3b\" data-element_type=\"column\">\n\t\t\t<div class=\"elementor-widget-wrap elementor-element-populated\">\n\t\t\t\t\t\t<div class=\"elementor-element elementor-element-083c04b elementor-widget elementor-widget-gva-heading-block\" data-id=\"083c04b\" data-element_type=\"widget\" data-widget_type=\"gva-heading-block.default\">\n\t\t\t\t<div class=\"elementor-widget-container\">\n\t\t\t<div class=\"gva-element-gva-heading-block gva-element\">   <div class=\"align-center style-1 widget gsc-heading\">\r\n      <div class=\"content-inner\">\r\n         \r\n                  \r\n                  \r\n                     <h2 class=\"title\">\r\n               <span>Alianzas de Colaboraci\u00f3n<\/span>\r\n            <\/h2>\r\n         \r\n          \r\n\r\n         \r\n         \r\n      <\/div>\r\n   <\/div>\r\n   <div class=\"clearfix\"><\/div>\r\n<\/div>\t\t<\/div>\n\t\t\t\t<\/div>\n\t\t\t\t<div class=\"elementor-element elementor-element-fdf70b3 elementor-widget elementor-widget-text-editor\" data-id=\"fdf70b3\" data-element_type=\"widget\" data-widget_type=\"text-editor.default\">\n\t\t\t\t<div class=\"elementor-widget-container\">\n\t\t\t\t\t\t\t<p><span style=\"color: #000000;\">Nuestros programas son implementados en alianzas con diversas universidades; Tecnol\u00f3gico de Monterrey, Universidad de Monterrey, Universidad Aut\u00f3noma de Nuevo Le\u00f3n, Universidad Pedag\u00f3gica Nacional y Universidad Regiomontana.<\/span><\/p>\t\t\t\t\t\t<\/div>\n\t\t\t\t<\/div>\n\t\t\t\t\t<\/div>\n\t\t<\/div>\n\t\t\t\t\t<\/div>\n\t\t<\/section>\n\t\t\t\t<section class=\"elementor-section elementor-top-section elementor-element elementor-element-9c6efc8 elementor-section-boxed elementor-section-height-default elementor-section-height-default\" data-id=\"9c6efc8\" data-element_type=\"section\">\n\t\t\t\t\t\t<div class=\"elementor-container elementor-column-gap-default\">\n\t\t\t\t\t<div class=\"elementor-column elementor-col-100 elementor-top-column elementor-element elementor-element-65aa010\" data-id=\"65aa010\" data-element_type=\"column\">\n\t\t\t<div class=\"elementor-widget-wrap elementor-element-populated\">\n\t\t\t\t\t\t<div class=\"elementor-element elementor-element-98bf0b1 elementor-widget elementor-widget-image\" data-id=\"98bf0b1\" data-element_type=\"widget\" data-widget_type=\"image.default\">\n\t\t\t\t<div class=\"elementor-widget-container\">\n\t\t\t\t\t\t\t\t\t\t\t\t\t<img loading=\"lazy\" decoding=\"async\" width=\"900\" height=\"107\" src=\"https:\/\/cremx.org\/wp-content\/uploads\/2024\/12\/tira-logos-escuelas-1024x122.jpg\" class=\"attachment-large size-large wp-image-8056\" alt=\"\" \/>\t\t\t\t\t\t\t\t\t\t\t\t\t<\/div>\n\t\t\t\t<\/div>\n\t\t\t\t\t<\/div>\n\t\t<\/div>\n\t\t\t\t\t<\/div>\n\t\t<\/section>\n\t\t\t\t<section class=\"elementor-section elementor-top-section elementor-element elementor-element-00de31b elementor-section-boxed elementor-section-height-default elementor-section-height-default\" data-id=\"00de31b\" data-element_type=\"section\">\n\t\t\t\t\t\t<div class=\"elementor-container elementor-column-gap-default\">\n\t\t\t\t\t<div class=\"elementor-column elementor-col-100 elementor-top-column elementor-element elementor-element-87ff63e\" data-id=\"87ff63e\" data-element_type=\"column\">\n\t\t\t<div class=\"elementor-widget-wrap elementor-element-populated\">\n\t\t\t\t\t\t<div class=\"elementor-element elementor-element-3eec5d7 elementor-widget elementor-widget-gva-heading-block\" data-id=\"3eec5d7\" data-element_type=\"widget\" data-widget_type=\"gva-heading-block.default\">\n\t\t\t\t<div class=\"elementor-widget-container\">\n\t\t\t<div class=\"gva-element-gva-heading-block gva-element\">   <div class=\"align-center style-1 widget gsc-heading\">\r\n      <div class=\"content-inner\">\r\n         \r\n                  \r\n                  \r\n                     <h2 class=\"title\">\r\n               <span>Construyendo comunidad<\/span>\r\n            <\/h2>\r\n         \r\n          \r\n\r\n         \r\n         \r\n      <\/div>\r\n   <\/div>\r\n   <div class=\"clearfix\"><\/div>\r\n<\/div>\t\t<\/div>\n\t\t\t\t<\/div>\n\t\t\t\t<div class=\"elementor-element elementor-element-c15f0af elementor-widget elementor-widget-text-editor\" data-id=\"c15f0af\" data-element_type=\"widget\" data-widget_type=\"text-editor.default\">\n\t\t\t\t<div class=\"elementor-widget-container\">\n\t\t\t\t\t\t\t<p><span style=\"color: #000000;\">Gracias a este esfuerzo conjunto, estamos construyendo una comunidad m\u00e1s consciente y comprometida con el desarrollo integral de sus hijos, creando un entorno propicio para el crecimiento y bienestar de los ni\u00f1os y ni\u00f1as.<\/span><\/p>\t\t\t\t\t\t<\/div>\n\t\t\t\t<\/div>\n\t\t\t\t\t<\/div>\n\t\t<\/div>\n\t\t\t\t\t<\/div>\n\t\t<\/section>\n\t\t\t\t<section class=\"elementor-section elementor-top-section elementor-element elementor-element-26178cc elementor-section-boxed elementor-section-height-default elementor-section-height-default\" data-id=\"26178cc\" data-element_type=\"section\">\n\t\t\t\t\t\t<div class=\"elementor-container elementor-column-gap-default\">\n\t\t\t\t\t<div class=\"elementor-column elementor-col-100 elementor-top-column elementor-element elementor-element-6c895e4\" data-id=\"6c895e4\" data-element_type=\"column\">\n\t\t\t<div class=\"elementor-widget-wrap elementor-element-populated\">\n\t\t\t\t\t\t<div class=\"elementor-element elementor-element-0b24d03 elementor-widget elementor-widget-image\" data-id=\"0b24d03\" data-element_type=\"widget\" data-widget_type=\"image.default\">\n\t\t\t\t<div class=\"elementor-widget-container\">\n\t\t\t\t\t\t\t\t\t\t\t\t\t<img loading=\"lazy\" decoding=\"async\" width=\"900\" height=\"218\" src=\"https:\/\/cremx.org\/wp-content\/uploads\/2024\/12\/fotos-ninos-1024x248.jpg\" class=\"attachment-large size-large wp-image-8052\" alt=\"\" \/>\t\t\t\t\t\t\t\t\t\t\t\t\t<\/div>\n\t\t\t\t<\/div>\n\t\t\t\t\t<\/div>\n\t\t<\/div>\n\t\t\t\t\t<\/div>\n\t\t<\/section>\n\t\t\t\t<section class=\"elementor-section elementor-top-section elementor-element elementor-element-8bb8be4 elementor-section-boxed elementor-section-height-default elementor-section-height-default\" data-id=\"8bb8be4\" data-element_type=\"section\" data-settings=\"{&quot;background_background&quot;:&quot;classic&quot;}\">\n\t\t\t\t\t\t\t<div class=\"elementor-background-overlay\"><\/div>\n\t\t\t\t\t\t\t<div class=\"elementor-container elementor-column-gap-default\">\n\t\t\t\t\t<div class=\"elementor-column elementor-col-100 elementor-top-column elementor-element elementor-element-3f55832\" data-id=\"3f55832\" data-element_type=\"column\">\n\t\t\t<div class=\"elementor-widget-wrap elementor-element-populated\">\n\t\t\t\t\t\t<div class=\"elementor-element elementor-element-448941e elementor-widget elementor-widget-gva-heading-block\" data-id=\"448941e\" data-element_type=\"widget\" data-widget_type=\"gva-heading-block.default\">\n\t\t\t\t<div class=\"elementor-widget-container\">\n\t\t\t<div class=\"gva-element-gva-heading-block gva-element\">   <div class=\"align-center style-1 widget gsc-heading\">\r\n      <div class=\"content-inner\">\r\n         \r\n                  \r\n                  \r\n                     <h2 class=\"title\">\r\n               <span>Convi\u00e9rtete en el por qu\u00e9 de la sonrisa de miles de estudiantes<\/span>\r\n            <\/h2>\r\n         \r\n          \r\n\r\n         \r\n                     <div class=\"heading-action\">\r\n                       <a href=\"https:\/\/cremx.org\/index.php\/donar\/\" class=\"btn-theme btn-cta\">\r\n          Quiero ayudar        <\/a>\r\n\r\n                    <\/div>\r\n         \r\n      <\/div>\r\n   <\/div>\r\n   <div class=\"clearfix\"><\/div>\r\n<\/div>\t\t<\/div>\n\t\t\t\t<\/div>\n\t\t\t\t\t<\/div>\n\t\t<\/div>\n\t\t\t\t\t<\/div>\n\t\t<\/section>\n\t\t\t\t<\/div>\n\t\t","protected":false},"excerpt":{"rendered":"<p>En CREmx creemos que la educaci\u00f3n transforma vidas. Somos una organizaci\u00f3n sin fines de lucro que desde 2010 trabaja para [&hellip;]<\/p>\n","protected":false},"author":1,"featured_media":0,"parent":0,"menu_order":0,"comment_status":"closed","ping_status":"closed","template":"","meta":{"_joinchat":[],"footnotes":""},"class_list":["post-612","page","type-page","status-publish","hentry"],"_links":{"self":[{"href":"https:\/\/cremx.org\/index.php\/wp-json\/wp\/v2\/pages\/612","targetHints":{"allow":["GET"]}}],"collection":[{"href":"https:\/\/cremx.org\/index.php\/wp-json\/wp\/v2\/pages"}],"about":[{"href":"https:\/\/cremx.org\/index.php\/wp-json\/wp\/v2\/types\/page"}],"author":[{"embeddable":true,"href":"https:\/\/cremx.org\/index.php\/wp-json\/wp\/v2\/users\/1"}],"replies":[{"embeddable":true,"href":"https:\/\/cremx.org\/index.php\/wp-json\/wp\/v2\/comments?post=612"}],"version-history":[{"count":149,"href":"https:\/\/cremx.org\/index.php\/wp-json\/wp\/v2\/pages\/612\/revisions"}],"predecessor-version":[{"id":8712,"href":"https:\/\/cremx.org\/index.php\/wp-json\/wp\/v2\/pages\/612\/revisions\/8712"}],"wp:attachment":[{"href":"https:\/\/cremx.org\/index.php\/wp-json\/wp\/v2\/media?parent=612"}],"curies":[{"name":"wp","href":"https:\/\/api.w.org\/{rel}","templated":true}]}}